{"id":139,"date":"2025-04-08T19:11:59","date_gmt":"2025-04-08T19:11:59","guid":{"rendered":"https:\/\/essentialseguros.com.br\/?page_id=139"},"modified":"2025-04-30T14:49:58","modified_gmt":"2025-04-30T14:49:58","slug":"sobre-nos","status":"publish","type":"page","link":"https:\/\/essentialseguros.com.br\/index.php\/sobre-nos\/","title":{"rendered":"Sobre N\u00f3s"},"content":{"rendered":"\t\t<div data-elementor-type=\"wp-page\" data-elementor-id=\"139\" class=\"elementor elementor-139\" data-elementor-post-type=\"page\">\n\t\t\t\t<div class=\"elementor-element elementor-element-59778fd e-flex e-con-boxed wpr-particle-no wpr-jarallax-no wpr-parallax-no wpr-sticky-section-no e-con e-parent\" data-id=\"59778fd\" data-element_type=\"container\" data-settings=\"{&quot;background_background&quot;:&quot;classic&quot;}\">\n\t\t\t\t\t<div class=\"e-con-inner\">\n\t\t\t\t<div class=\"elementor-element elementor-element-03806be elementor-widget elementor-widget-heading\" data-id=\"03806be\" data-element_type=\"widget\" data-widget_type=\"heading.default\">\n\t\t\t\t<div class=\"elementor-widget-container\">\n\t\t\t\t\t<h1 class=\"elementor-heading-title elementor-size-default\">Sobre n\u00f3s<\/h1>\t\t\t\t<\/div>\n\t\t\t\t<\/div>\n\t\t\t\t\t<\/div>\n\t\t\t\t<\/div>\n\t\t<div class=\"elementor-element elementor-element-9c142ff e-flex e-con-boxed wpr-particle-no wpr-jarallax-no wpr-parallax-no wpr-sticky-section-no e-con e-parent\" data-id=\"9c142ff\" data-element_type=\"container\">\n\t\t\t\t\t<div class=\"e-con-inner\">\n\t\t<div class=\"elementor-element elementor-element-0640105 e-con-full e-flex wpr-particle-no wpr-jarallax-no wpr-parallax-no wpr-sticky-section-no e-con e-child\" data-id=\"0640105\" data-element_type=\"container\">\n\t\t\t\t<div class=\"elementor-element elementor-element-223d7da elementor-widget elementor-widget-heading\" data-id=\"223d7da\" data-element_type=\"widget\" data-widget_type=\"heading.default\">\n\t\t\t\t<div class=\"elementor-widget-container\">\n\t\t\t\t\t<h2 class=\"elementor-heading-title elementor-size-default\">O SEU FUTURO<\/h2>\t\t\t\t<\/div>\n\t\t\t\t<\/div>\n\t\t\t\t<div class=\"elementor-element elementor-element-1014885 elementor-widget elementor-widget-heading\" data-id=\"1014885\" data-element_type=\"widget\" data-widget_type=\"heading.default\">\n\t\t\t\t<div class=\"elementor-widget-container\">\n\t\t\t\t\t<h2 class=\"elementor-heading-title elementor-size-default\">Seguro<\/h2>\t\t\t\t<\/div>\n\t\t\t\t<\/div>\n\t\t\t\t<div class=\"elementor-element elementor-element-2ad40fa elementor-widget__width-initial elementor-widget elementor-widget-text-editor\" data-id=\"2ad40fa\" data-element_type=\"widget\" data-widget_type=\"text-editor.default\">\n\t\t\t\t<div class=\"elementor-widget-container\">\n\t\t\t\t\t\t\t\t\t<p>Oferecemos um atendimento personalizado e transparente, unindo a proximidade das corretoras especializadas com a estrutura e expertise das grandes empresas do setor.<\/p><p>Com mais de <b>30 anos <\/b>de experi\u00eancia, os s\u00f3cios <b>Jos\u00e9 Carlos e Andr\u00e9 Moroni<\/b> transformaram o mercado ao oferecer uma consultoria focada em solu\u00e7\u00f5es sob medida, garantindo prote\u00e7\u00e3o, estabilidade e tranquilidade aos clientes.<\/p>\t\t\t\t\t\t\t\t<\/div>\n\t\t\t\t<\/div>\n\t\t\t\t<\/div>\n\t\t<div class=\"elementor-element elementor-element-fcd256f e-con-full e-flex wpr-particle-no wpr-jarallax-no wpr-parallax-no wpr-sticky-section-no e-con e-child\" data-id=\"fcd256f\" data-element_type=\"container\">\n\t\t\t\t<div class=\"elementor-element elementor-element-8a92d58 elementor-invisible elementor-widget elementor-widget-image\" data-id=\"8a92d58\" data-element_type=\"widget\" data-settings=\"{&quot;_animation&quot;:&quot;fadeInRight&quot;}\" data-widget_type=\"image.default\">\n\t\t\t\t<div class=\"elementor-widget-container\">\n\t\t\t\t\t\t\t\t\t\t\t\t\t\t\t<img fetchpriority=\"high\" decoding=\"async\" width=\"627\" height=\"615\" src=\"https:\/\/essentialseguros.com.br\/wp-content\/uploads\/2025\/04\/imagem-sobre-nos.png\" class=\"attachment-large size-large wp-image-200\" alt=\"\" srcset=\"https:\/\/essentialseguros.com.br\/wp-content\/uploads\/2025\/04\/imagem-sobre-nos.png 627w, https:\/\/essentialseguros.com.br\/wp-content\/uploads\/2025\/04\/imagem-sobre-nos-300x294.png 300w\" sizes=\"(max-width: 627px) 100vw, 627px\" \/>\t\t\t\t\t\t\t\t\t\t\t\t\t\t\t<\/div>\n\t\t\t\t<\/div>\n\t\t\t\t<\/div>\n\t\t\t\t\t<\/div>\n\t\t\t\t<\/div>\n\t\t<div class=\"elementor-element elementor-element-ad4e335 e-flex e-con-boxed wpr-particle-no wpr-jarallax-no wpr-parallax-no wpr-sticky-section-no e-con e-parent\" data-id=\"ad4e335\" data-element_type=\"container\">\n\t\t\t\t\t<div class=\"e-con-inner\">\n\t\t<div class=\"elementor-element elementor-element-c26c2a0 e-con-full e-flex wpr-particle-no wpr-jarallax-no wpr-parallax-no wpr-sticky-section-no e-con e-child\" data-id=\"c26c2a0\" data-element_type=\"container\">\n\t\t\t\t<div class=\"elementor-element elementor-element-2c62d72 elementor-view-stacked elementor-shape-circle elementor-position-top elementor-mobile-position-top elementor-widget elementor-widget-icon-box\" data-id=\"2c62d72\" data-element_type=\"widget\" data-widget_type=\"icon-box.default\">\n\t\t\t\t<div class=\"elementor-widget-container\">\n\t\t\t\t\t\t\t<div class=\"elementor-icon-box-wrapper\">\n\n\t\t\t\t\t\t<div class=\"elementor-icon-box-icon\">\n\t\t\t\t<span  class=\"elementor-icon elementor-animation-grow\">\n\t\t\t\t<i aria-hidden=\"true\" class=\"xlwpf wppb-font-suitcase\"><\/i>\t\t\t\t<\/span>\n\t\t\t<\/div>\n\t\t\t\n\t\t\t\t\t\t<div class=\"elementor-icon-box-content\">\n\n\t\t\t\t\t\t\t\t\t<h3 class=\"elementor-icon-box-title\">\n\t\t\t\t\t\t<span  >\n\t\t\t\t\t\t\tParceria com as maiores e melhores seguradoras do Brasil \t\t\t\t\t\t<\/span>\n\t\t\t\t\t<\/h3>\n\t\t\t\t\n\t\t\t\t\n\t\t\t<\/div>\n\t\t\t\n\t\t<\/div>\n\t\t\t\t\t\t<\/div>\n\t\t\t\t<\/div>\n\t\t\t\t<\/div>\n\t\t<div class=\"elementor-element elementor-element-954e7b1 e-con-full e-flex wpr-particle-no wpr-jarallax-no wpr-parallax-no wpr-sticky-section-no e-con e-child\" data-id=\"954e7b1\" data-element_type=\"container\">\n\t\t\t\t<div class=\"elementor-element elementor-element-982b15e elementor-view-stacked elementor-shape-circle elementor-position-top elementor-mobile-position-top elementor-widget elementor-widget-icon-box\" data-id=\"982b15e\" data-element_type=\"widget\" data-widget_type=\"icon-box.default\">\n\t\t\t\t<div class=\"elementor-widget-container\">\n\t\t\t\t\t\t\t<div class=\"elementor-icon-box-wrapper\">\n\n\t\t\t\t\t\t<div class=\"elementor-icon-box-icon\">\n\t\t\t\t<span  class=\"elementor-icon elementor-animation-grow\">\n\t\t\t\t<i aria-hidden=\"true\" class=\"phl phlight-certificate\"><\/i>\t\t\t\t<\/span>\n\t\t\t<\/div>\n\t\t\t\n\t\t\t\t\t\t<div class=\"elementor-icon-box-content\">\n\n\t\t\t\t\t\t\t\t\t<h3 class=\"elementor-icon-box-title\">\n\t\t\t\t\t\t<span  >\n\t\t\t\t\t\t\tCompromisso com seguran\u00e7a e transpar\u00eancia -  Possu\u00edmos Ap\u00f3lice de Responsabilidade \t\t\t\t\t\t<\/span>\n\t\t\t\t\t<\/h3>\n\t\t\t\t\n\t\t\t\t\n\t\t\t<\/div>\n\t\t\t\n\t\t<\/div>\n\t\t\t\t\t\t<\/div>\n\t\t\t\t<\/div>\n\t\t\t\t<\/div>\n\t\t<div class=\"elementor-element elementor-element-4740182 e-con-full e-flex wpr-particle-no wpr-jarallax-no wpr-parallax-no wpr-sticky-section-no e-con e-child\" data-id=\"4740182\" data-element_type=\"container\">\n\t\t\t\t<div class=\"elementor-element elementor-element-4b9602b elementor-view-stacked elementor-shape-circle elementor-position-top elementor-mobile-position-top elementor-widget elementor-widget-icon-box\" data-id=\"4b9602b\" data-element_type=\"widget\" data-widget_type=\"icon-box.default\">\n\t\t\t\t<div class=\"elementor-widget-container\">\n\t\t\t\t\t\t\t<div class=\"elementor-icon-box-wrapper\">\n\n\t\t\t\t\t\t<div class=\"elementor-icon-box-icon\">\n\t\t\t\t<span  class=\"elementor-icon elementor-animation-grow\">\n\t\t\t\t<i aria-hidden=\"true\" class=\"phl phlight-user-circle-gear\"><\/i>\t\t\t\t<\/span>\n\t\t\t<\/div>\n\t\t\t\n\t\t\t\t\t\t<div class=\"elementor-icon-box-content\">\n\n\t\t\t\t\t\t\t\t\t<h3 class=\"elementor-icon-box-title\">\n\t\t\t\t\t\t<span  >\n\t\t\t\t\t\t\tCivil Profissional para garantir total prote\u00e7\u00e3o, confiabilidade e excel\u00eancia no atendimento aos nossos clientes.\t\t\t\t\t\t<\/span>\n\t\t\t\t\t<\/h3>\n\t\t\t\t\n\t\t\t\t\n\t\t\t<\/div>\n\t\t\t\n\t\t<\/div>\n\t\t\t\t\t\t<\/div>\n\t\t\t\t<\/div>\n\t\t\t\t<\/div>\n\t\t\t\t\t<\/div>\n\t\t\t\t<\/div>\n\t\t<div class=\"elementor-element elementor-element-c087aa6 e-flex e-con-boxed wpr-particle-no wpr-jarallax-no wpr-parallax-no wpr-sticky-section-no e-con e-parent\" data-id=\"c087aa6\" data-element_type=\"container\" data-settings=\"{&quot;background_background&quot;:&quot;classic&quot;}\">\n\t\t\t\t\t<div class=\"e-con-inner\">\n\t\t\t\t<div class=\"elementor-element elementor-element-68443ad elementor-widget elementor-widget-spacer\" data-id=\"68443ad\" data-element_type=\"widget\" data-widget_type=\"spacer.default\">\n\t\t\t\t<div class=\"elementor-widget-container\">\n\t\t\t\t\t\t\t<div class=\"elementor-spacer\">\n\t\t\t<div class=\"elementor-spacer-inner\"><\/div>\n\t\t<\/div>\n\t\t\t\t\t\t<\/div>\n\t\t\t\t<\/div>\n\t\t\t\t<div class=\"elementor-element elementor-element-4a197ba elementor-widget elementor-widget-heading\" data-id=\"4a197ba\" data-element_type=\"widget\" data-widget_type=\"heading.default\">\n\t\t\t\t<div class=\"elementor-widget-container\">\n\t\t\t\t\t<h2 class=\"elementor-heading-title elementor-size-default\">Nossa Presen\u00e7a no Mercado \n<\/h2>\t\t\t\t<\/div>\n\t\t\t\t<\/div>\n\t\t\t\t<div class=\"elementor-element elementor-element-1e885bc elementor-widget elementor-widget-spacer\" data-id=\"1e885bc\" data-element_type=\"widget\" data-widget_type=\"spacer.default\">\n\t\t\t\t<div class=\"elementor-widget-container\">\n\t\t\t\t\t\t\t<div class=\"elementor-spacer\">\n\t\t\t<div class=\"elementor-spacer-inner\"><\/div>\n\t\t<\/div>\n\t\t\t\t\t\t<\/div>\n\t\t\t\t<\/div>\n\t\t\t\t<div class=\"elementor-element elementor-element-80e2962 elementor-absolute elementor-invisible elementor-widget elementor-widget-image\" data-id=\"80e2962\" data-element_type=\"widget\" data-settings=\"{&quot;_position&quot;:&quot;absolute&quot;,&quot;_animation&quot;:&quot;fadeInLeft&quot;}\" data-widget_type=\"image.default\">\n\t\t\t\t<div class=\"elementor-widget-container\">\n\t\t\t\t\t\t\t\t\t\t\t\t\t\t\t<img decoding=\"async\" width=\"360\" height=\"360\" src=\"https:\/\/essentialseguros.com.br\/wp-content\/uploads\/2025\/04\/2.png\" class=\"attachment-full size-full wp-image-118\" alt=\"\" srcset=\"https:\/\/essentialseguros.com.br\/wp-content\/uploads\/2025\/04\/2.png 360w, https:\/\/essentialseguros.com.br\/wp-content\/uploads\/2025\/04\/2-300x300.png 300w, https:\/\/essentialseguros.com.br\/wp-content\/uploads\/2025\/04\/2-150x150.png 150w\" sizes=\"(max-width: 360px) 100vw, 360px\" \/>\t\t\t\t\t\t\t\t\t\t\t\t\t\t\t<\/div>\n\t\t\t\t<\/div>\n\t\t<div class=\"elementor-element elementor-element-7c7dc7f e-grid e-con-full wpr-particle-no wpr-jarallax-no wpr-parallax-no wpr-sticky-section-no e-con e-child\" data-id=\"7c7dc7f\" data-element_type=\"container\">\n\t\t\t\t<div class=\"elementor-element elementor-element-7363856 elementor-widget elementor-widget-premium-counter\" data-id=\"7363856\" data-element_type=\"widget\" data-widget_type=\"premium-counter.default\">\n\t\t\t\t<div class=\"elementor-widget-container\">\n\t\t\t\t\t\n\t\t<div class=\"premium-counter premium-counter-area \" data-duration=\"2000\" data-from-value=\"0\" data-to-value=\"4000\" data-delimiter=\".\" data-rounding=\"0\">\n\t\t\t\n\t\t<div class=\"premium-init-wrapper column\">\n\n\t\t\t<div class=\"premium-counter-value-wrap\">\n\t\t\t\t\t\t\t\t\t<span id=\"prefix\" class=\"counter-su-pre\">+<\/span>\n\t\t\t\t\n\t\t\t\t<span class=\"premium-counter-init\" id=\"counter-7363856\">0<\/span>\n\n\t\t\t\t\t\t\t<\/div>\n\n\t\t\t\t\t\t\t<div class=\"premium-counter-title\">\n\t\t\t\t\t<p class=\"premium-counter-title-val\">\n\t\t\t\t\t\tClientes ativos e satisfeitos\t\t\t\t\t<\/p>\n\t\t\t\t\t\t\t\t\t<\/div>\n\t\t\t\t\t<\/div>\n\n\t\t\t\t<\/div>\n\n\t\t\t\t\t\t<\/div>\n\t\t\t\t<\/div>\n\t\t\t\t<div class=\"elementor-element elementor-element-be5159c elementor-widget elementor-widget-premium-counter\" data-id=\"be5159c\" data-element_type=\"widget\" data-widget_type=\"premium-counter.default\">\n\t\t\t\t<div class=\"elementor-widget-container\">\n\t\t\t\t\t\n\t\t<div class=\"premium-counter premium-counter-area \" data-duration=\"1000\" data-from-value=\"0\" data-to-value=\"1\" data-delimiter=\".\" data-rounding=\"0\">\n\t\t\t\n\t\t<div class=\"premium-init-wrapper column\">\n\n\t\t\t<div class=\"premium-counter-value-wrap\">\n\t\t\t\t\t\t\t\t\t<span id=\"prefix\" class=\"counter-su-pre\">+ R$&nbsp; <\/span>\n\t\t\t\t\n\t\t\t\t<span class=\"premium-counter-init\" id=\"counter-be5159c\">0<\/span>\n\n\t\t\t\t\t\t\t\t\t<span id=\"suffix\" class=\"counter-su-pre\"> &nbsp;bilh\u00e3o<\/span>\n\t\t\t\t\t\t\t<\/div>\n\n\t\t\t\t\t\t\t<div class=\"premium-counter-title\">\n\t\t\t\t\t<p class=\"premium-counter-title-val\">\n\t\t\t\t\t\tEm patrim\u00f4nio segurado e protegido por n\u00f3s \t\t\t\t\t<\/p>\n\t\t\t\t\t\t\t\t\t<\/div>\n\t\t\t\t\t<\/div>\n\n\t\t\t\t<\/div>\n\n\t\t\t\t\t\t<\/div>\n\t\t\t\t<\/div>\n\t\t\t\t<div class=\"elementor-element elementor-element-73df60c elementor-widget elementor-widget-premium-counter\" data-id=\"73df60c\" data-element_type=\"widget\" data-widget_type=\"premium-counter.default\">\n\t\t\t\t<div class=\"elementor-widget-container\">\n\t\t\t\t\t\n\t\t<div class=\"premium-counter premium-counter-area \" data-duration=\"2000\" data-from-value=\"0\" data-to-value=\"30\" data-delimiter=\".\" data-rounding=\"0\">\n\t\t\t\n\t\t<div class=\"premium-init-wrapper column\">\n\n\t\t\t<div class=\"premium-counter-value-wrap\">\n\t\t\t\t\t\t\t\t\t<span id=\"prefix\" class=\"counter-su-pre\">+<\/span>\n\t\t\t\t\n\t\t\t\t<span class=\"premium-counter-init\" id=\"counter-73df60c\">0<\/span>\n\n\t\t\t\t\t\t\t\t\t<span id=\"suffix\" class=\"counter-su-pre\">&nbsp;anos<\/span>\n\t\t\t\t\t\t\t<\/div>\n\n\t\t\t\t\t\t\t<div class=\"premium-counter-title\">\n\t\t\t\t\t<p class=\"premium-counter-title-val\">\n\t\t\t\t\t\tDe experi\u00eancia, incluindo atua\u00e7\u00e3o como s\u00f3cios em empresas de capital aberto \t\t\t\t\t<\/p>\n\t\t\t\t\t\t\t\t\t<\/div>\n\t\t\t\t\t<\/div>\n\n\t\t\t\t<\/div>\n\n\t\t\t\t\t\t<\/div>\n\t\t\t\t<\/div>\n\t\t\t\t<\/div>\n\t\t\t\t\t<\/div>\n\t\t\t\t<\/div>\n\t\t<div class=\"elementor-element elementor-element-ed552af e-flex e-con-boxed wpr-particle-no wpr-jarallax-no wpr-parallax-no wpr-sticky-section-no e-con e-parent\" data-id=\"ed552af\" data-element_type=\"container\" data-settings=\"{&quot;background_background&quot;:&quot;classic&quot;}\">\n\t\t\t\t\t<div class=\"e-con-inner\">\n\t\t<div class=\"elementor-element elementor-element-1049665 e-con-full e-flex wpr-particle-no wpr-jarallax-no wpr-parallax-no wpr-sticky-section-no e-con e-child\" data-id=\"1049665\" data-element_type=\"container\">\n\t\t\t\t<div class=\"elementor-element elementor-element-1d879ec elementor-widget elementor-widget-heading\" data-id=\"1d879ec\" data-element_type=\"widget\" data-widget_type=\"heading.default\">\n\t\t\t\t<div class=\"elementor-widget-container\">\n\t\t\t\t\t<h2 class=\"elementor-heading-title elementor-size-default\">Os S\u00f3cios<\/h2>\t\t\t\t<\/div>\n\t\t\t\t<\/div>\n\t\t\t\t<div class=\"elementor-element elementor-element-91374bc elementor-absolute elementor-invisible elementor-widget elementor-widget-image\" data-id=\"91374bc\" data-element_type=\"widget\" data-settings=\"{&quot;_position&quot;:&quot;absolute&quot;,&quot;_animation&quot;:&quot;fadeInRight&quot;}\" data-widget_type=\"image.default\">\n\t\t\t\t<div class=\"elementor-widget-container\">\n\t\t\t\t\t\t\t\t\t\t\t\t\t\t\t<img decoding=\"async\" width=\"360\" height=\"360\" src=\"https:\/\/essentialseguros.com.br\/wp-content\/uploads\/2025\/04\/1.png\" class=\"attachment-full size-full wp-image-119\" alt=\"\" srcset=\"https:\/\/essentialseguros.com.br\/wp-content\/uploads\/2025\/04\/1.png 360w, https:\/\/essentialseguros.com.br\/wp-content\/uploads\/2025\/04\/1-300x300.png 300w, https:\/\/essentialseguros.com.br\/wp-content\/uploads\/2025\/04\/1-150x150.png 150w\" sizes=\"(max-width: 360px) 100vw, 360px\" \/>\t\t\t\t\t\t\t\t\t\t\t\t\t\t\t<\/div>\n\t\t\t\t<\/div>\n\t\t<div class=\"elementor-element elementor-element-47e1d2c e-grid e-con-full wpr-particle-no wpr-jarallax-no wpr-parallax-no wpr-sticky-section-no e-con e-child\" data-id=\"47e1d2c\" data-element_type=\"container\">\n\t\t<div class=\"elementor-element elementor-element-4691bfc e-con-full e-flex wpr-particle-no wpr-jarallax-no wpr-parallax-no wpr-sticky-section-no e-con e-child\" data-id=\"4691bfc\" data-element_type=\"container\">\n\t\t\t\t<div class=\"elementor-element elementor-element-4cc4487 elementor-widget elementor-widget-heading\" data-id=\"4cc4487\" data-element_type=\"widget\" data-widget_type=\"heading.default\">\n\t\t\t\t<div class=\"elementor-widget-container\">\n\t\t\t\t\t<h3 class=\"elementor-heading-title elementor-size-default\">Andr\u00e9 Moroni<\/h3>\t\t\t\t<\/div>\n\t\t\t\t<\/div>\n\t\t\t\t<div class=\"elementor-element elementor-element-600554b elementor-widget__width-initial elementor-widget elementor-widget-text-editor\" data-id=\"600554b\" data-element_type=\"widget\" data-widget_type=\"text-editor.default\">\n\t\t\t\t<div class=\"elementor-widget-container\">\n\t\t\t\t\t\t\t\t\t<p>Formado em Engenharia Civil, atua na \u00e1rea de seguros desde 2000, corretor de Seguros habilitado pela SUSEP sob o n\u00ba 10.2013147.0. Antes da ESSENTIAL atuou em grandes corretoras, sendo a ultima como s\u00f3cio e acionista de uma corpora\u00e7\u00e3o de Capital Aberto com mais de 1.000 funcion\u00e1rios.<\/p><p>Com vasta experi\u00eancia em tecnologia, desenvolveu o projeto de\u00a0comercializa\u00e7\u00e3o dos Seguros de Carta Verde e Viagem, 100% OnLine para seus clientes, tanto para Lazer, Neg\u00f3cios, como para quem pratica Esportes e\/ou Esportes Radicais.<\/p><p>Amante de viagens, esportes, gastronomia, diferentes culturas e etnias,\u00a0adora inspirar pessoas e conectar experi\u00eancias.<\/p>\t\t\t\t\t\t\t\t<\/div>\n\t\t\t\t<\/div>\n\t\t\t\t<\/div>\n\t\t<div class=\"elementor-element elementor-element-eddd5f4 e-con-full e-flex wpr-particle-no wpr-jarallax-no wpr-parallax-no wpr-sticky-section-no e-con e-child\" data-id=\"eddd5f4\" data-element_type=\"container\">\n\t\t\t\t<div class=\"elementor-element elementor-element-338c8c1 elementor-widget elementor-widget-heading\" data-id=\"338c8c1\" data-element_type=\"widget\" data-widget_type=\"heading.default\">\n\t\t\t\t<div class=\"elementor-widget-container\">\n\t\t\t\t\t<h3 class=\"elementor-heading-title elementor-size-default\">Jos\u00e9 Carlos Anast\u00e1cio Junior<\/h3>\t\t\t\t<\/div>\n\t\t\t\t<\/div>\n\t\t\t\t<div class=\"elementor-element elementor-element-029331b elementor-widget__width-initial elementor-widget-mobile__width-initial elementor-widget elementor-widget-text-editor\" data-id=\"029331b\" data-element_type=\"widget\" data-widget_type=\"text-editor.default\">\n\t\t\t\t<div class=\"elementor-widget-container\">\n\t\t\t\t\t\t\t\t\t<p>Empres\u00e1rio, formado em Propaganda e Marketing pela Faculdade Anhembi Morumbi, profissional de seguros desde 1995, habilitado pela SUSEP sob o nr. 10.2053844.8, com grande experi\u00eancia na \u00e1rea, atuou em grandes corretoras sempre como diretor ou s\u00f3cio.<\/p><p>Participou de fus\u00f5es, atuou em empresa de capital aberto, ajudou a desenvolver novos seguros e projetos para o ramo segurador, especializou-se no complexo mercado de planos de sa\u00fade.<\/p><p>Praticante de esportes, com cria\u00e7\u00e3o e cultura interiorana, acredita que o resultado vem somente atrav\u00e9s do trabalho qualificado.<\/p>\t\t\t\t\t\t\t\t<\/div>\n\t\t\t\t<\/div>\n\t\t\t\t<\/div>\n\t\t\t\t<\/div>\n\t\t\t\t<\/div>\n\t\t\t\t\t<\/div>\n\t\t\t\t<\/div>\n\t\t\t\t<\/div>\n\t\t","protected":false},"excerpt":{"rendered":"<p>Sobre n\u00f3s O SEU FUTURO Seguro Oferecemos um atendimento personalizado e transparente, unindo a proximidade das corretoras especializadas com a estrutura e expertise das grandes empresas do setor. Com mais de 30 anos de experi\u00eancia, os s\u00f3cios Jos\u00e9 Carlos e Andr\u00e9 Moroni transformaram o mercado ao oferecer uma consultoria focada em solu\u00e7\u00f5es sob medida, garantindo prote\u00e7\u00e3o, estabilidade e tranquilidade aos clientes. Parceria com as maiores e melhores seguradoras do Brasil Compromisso com seguran\u00e7a e transpar\u00eancia &#8211; Possu\u00edmos Ap\u00f3lice de Responsabilidade Civil Profissional para garantir total prote\u00e7\u00e3o, confiabilidade e excel\u00eancia no atendimento aos nossos clientes. Nossa Presen\u00e7a no Mercado + 0 Clientes ativos e satisfeitos + R$&nbsp; 0 &nbsp;bilh\u00e3o Em patrim\u00f4nio segurado e protegido por n\u00f3s + 0 &nbsp;anos De experi\u00eancia, incluindo atua\u00e7\u00e3o como s\u00f3cios em empresas de capital aberto Os S\u00f3cios Andr\u00e9 Moroni Formado em Engenharia Civil, atua na \u00e1rea de seguros desde 2000, corretor de Seguros habilitado pela SUSEP sob o n\u00ba 10.2013147.0. Antes da ESSENTIAL atuou em grandes corretoras, sendo a ultima como s\u00f3cio e acionista de uma corpora\u00e7\u00e3o de Capital Aberto com mais de 1.000 funcion\u00e1rios. Com vasta experi\u00eancia em tecnologia, desenvolveu o projeto de\u00a0comercializa\u00e7\u00e3o dos Seguros de Carta Verde e Viagem, 100% OnLine para seus clientes, tanto para Lazer, Neg\u00f3cios, como para quem pratica Esportes e\/ou Esportes Radicais. Amante de viagens, esportes, gastronomia, diferentes culturas e etnias,\u00a0adora inspirar pessoas e conectar experi\u00eancias. Jos\u00e9 Carlos Anast\u00e1cio Junior Empres\u00e1rio, formado em Propaganda e Marketing pela Faculdade Anhembi Morumbi, profissional de seguros desde 1995, habilitado pela SUSEP sob o nr. 10.2053844.8, com grande experi\u00eancia na \u00e1rea, atuou em grandes corretoras sempre como diretor ou s\u00f3cio. Participou de fus\u00f5es, atuou em empresa de capital aberto, ajudou a desenvolver novos seguros e projetos para o ramo segurador, especializou-se no complexo mercado de planos de sa\u00fade. Praticante de esportes, com cria\u00e7\u00e3o e cultura interiorana, acredita que o resultado vem somente atrav\u00e9s do trabalho qualificado.<\/p>\n","protected":false},"author":1,"featured_media":0,"parent":0,"menu_order":0,"comment_status":"closed","ping_status":"closed","template":"elementor_header_footer","meta":{"footnotes":""},"class_list":["post-139","page","type-page","status-publish","hentry"],"_links":{"self":[{"href":"https:\/\/essentialseguros.com.br\/index.php\/wp-json\/wp\/v2\/pages\/139","targetHints":{"allow":["GET"]}}],"collection":[{"href":"https:\/\/essentialseguros.com.br\/index.php\/wp-json\/wp\/v2\/pages"}],"about":[{"href":"https:\/\/essentialseguros.com.br\/index.php\/wp-json\/wp\/v2\/types\/page"}],"author":[{"embeddable":true,"href":"https:\/\/essentialseguros.com.br\/index.php\/wp-json\/wp\/v2\/users\/1"}],"replies":[{"embeddable":true,"href":"https:\/\/essentialseguros.com.br\/index.php\/wp-json\/wp\/v2\/comments?post=139"}],"version-history":[{"count":31,"href":"https:\/\/essentialseguros.com.br\/index.php\/wp-json\/wp\/v2\/pages\/139\/revisions"}],"predecessor-version":[{"id":337,"href":"https:\/\/essentialseguros.com.br\/index.php\/wp-json\/wp\/v2\/pages\/139\/revisions\/337"}],"wp:attachment":[{"href":"https:\/\/essentialseguros.com.br\/index.php\/wp-json\/wp\/v2\/media?parent=139"}],"curies":[{"name":"wp","href":"https:\/\/api.w.org\/{rel}","templated":true}]}}