{"id":348,"date":"2025-04-30T15:13:49","date_gmt":"2025-04-30T15:13:49","guid":{"rendered":"https:\/\/essentialseguros.com.br\/?page_id=348"},"modified":"2025-05-21T13:37:05","modified_gmt":"2025-05-21T13:37:05","slug":"blog","status":"publish","type":"page","link":"https:\/\/essentialseguros.com.br\/index.php\/blog\/","title":{"rendered":"Blog"},"content":{"rendered":"\t\t<div data-elementor-type=\"wp-page\" data-elementor-id=\"348\" class=\"elementor elementor-348\" data-elementor-post-type=\"page\">\n\t\t\t\t<div class=\"elementor-element elementor-element-5c383a6 e-flex e-con-boxed wpr-particle-no wpr-jarallax-no wpr-parallax-no wpr-sticky-section-no e-con e-parent\" data-id=\"5c383a6\" data-element_type=\"container\" data-settings=\"{&quot;background_background&quot;:&quot;classic&quot;}\">\n\t\t\t\t\t<div class=\"e-con-inner\">\n\t\t\t\t<div class=\"elementor-element elementor-element-f0d6632 elementor-widget elementor-widget-heading\" data-id=\"f0d6632\" data-element_type=\"widget\" data-widget_type=\"heading.default\">\n\t\t\t\t<div class=\"elementor-widget-container\">\n\t\t\t\t\t<h1 class=\"elementor-heading-title elementor-size-default\">Blog<\/h1>\t\t\t\t<\/div>\n\t\t\t\t<\/div>\n\t\t\t\t\t<\/div>\n\t\t\t\t<\/div>\n\t\t<div class=\"elementor-element elementor-element-f2812a5 e-flex e-con-boxed wpr-particle-no wpr-jarallax-no wpr-parallax-no wpr-sticky-section-no e-con e-parent\" data-id=\"f2812a5\" data-element_type=\"container\">\n\t\t\t\t\t<div class=\"e-con-inner\">\n\t\t<div class=\"elementor-element elementor-element-95eaadf e-con-full e-flex wpr-particle-no wpr-jarallax-no wpr-parallax-no wpr-sticky-section-no e-con e-child\" data-id=\"95eaadf\" data-element_type=\"container\">\n\t\t\t\t<div class=\"elementor-element elementor-element-b4cb6c5 elementor-grid-3 elementor-grid-tablet-2 elementor-grid-mobile-1 elementor-posts--thumbnail-top elementor-widget elementor-widget-posts\" data-id=\"b4cb6c5\" data-element_type=\"widget\" data-settings=\"{&quot;classic_row_gap&quot;:{&quot;unit&quot;:&quot;px&quot;,&quot;size&quot;:30,&quot;sizes&quot;:[]},&quot;pagination_type&quot;:&quot;numbers&quot;,&quot;classic_columns&quot;:&quot;3&quot;,&quot;classic_columns_tablet&quot;:&quot;2&quot;,&quot;classic_columns_mobile&quot;:&quot;1&quot;,&quot;classic_row_gap_tablet&quot;:{&quot;unit&quot;:&quot;px&quot;,&quot;size&quot;:&quot;&quot;,&quot;sizes&quot;:[]},&quot;classic_row_gap_mobile&quot;:{&quot;unit&quot;:&quot;px&quot;,&quot;size&quot;:&quot;&quot;,&quot;sizes&quot;:[]}}\" data-widget_type=\"posts.classic\">\n\t\t\t\t<div class=\"elementor-widget-container\">\n\t\t\t\t\t\t\t<div class=\"elementor-posts-container elementor-posts elementor-posts--skin-classic elementor-grid\" role=\"list\">\n\t\t\t\t<article class=\"elementor-post elementor-grid-item post-414 post type-post status-publish format-standard has-post-thumbnail hentry category-seguros-para-engenharia-e-construcao\" role=\"listitem\">\n\t\t\t\t<a class=\"elementor-post__thumbnail__link\" href=\"https:\/\/essentialseguros.com.br\/index.php\/2025\/05\/12\/proteja-sua-obra-entenda-o-seguro-risco-de-engenharia\/\" tabindex=\"-1\" >\n\t\t\t<div class=\"elementor-post__thumbnail\"><img fetchpriority=\"high\" decoding=\"async\" width=\"1200\" height=\"627\" src=\"https:\/\/essentialseguros.com.br\/wp-content\/uploads\/2025\/05\/Blog-2-Proteja-sua-obra.png\" class=\"attachment-full size-full wp-image-415\" alt=\"\" srcset=\"https:\/\/essentialseguros.com.br\/wp-content\/uploads\/2025\/05\/Blog-2-Proteja-sua-obra.png 1200w, https:\/\/essentialseguros.com.br\/wp-content\/uploads\/2025\/05\/Blog-2-Proteja-sua-obra-300x157.png 300w, https:\/\/essentialseguros.com.br\/wp-content\/uploads\/2025\/05\/Blog-2-Proteja-sua-obra-1024x535.png 1024w, https:\/\/essentialseguros.com.br\/wp-content\/uploads\/2025\/05\/Blog-2-Proteja-sua-obra-768x401.png 768w\" sizes=\"(max-width: 1200px) 100vw, 1200px\" \/><\/div>\n\t\t<\/a>\n\t\t\t\t<div class=\"elementor-post__text\">\n\t\t\t\t<h3 class=\"elementor-post__title\">\n\t\t\t<a href=\"https:\/\/essentialseguros.com.br\/index.php\/2025\/05\/12\/proteja-sua-obra-entenda-o-seguro-risco-de-engenharia\/\" >\n\t\t\t\tProteja sua Obra: Entenda o Seguro Risco de Engenharia\t\t\t<\/a>\n\t\t<\/h3>\n\t\t\t\t<div class=\"elementor-post__meta-data\">\n\t\t\t\t\t<span class=\"elementor-post-date\">\n\t\t\tmaio 12, 2025\t\t<\/span>\n\t\t\t\t<\/div>\n\t\t\t\t<div class=\"elementor-post__excerpt\">\n\t\t\t<p>Quando falamos em constru\u00e7\u00e3o civil, os imprevistos fazem parte do dia a dia \u2014 desde acidentes no canteiro de obras at\u00e9 fen\u00f4menos naturais. Para mitigar esses riscos, existe uma solu\u00e7\u00e3o essencial: o seguro risco de engenharia. Neste artigo, voc\u00ea vai entender o que \u00e9 esse seguro, como ele funciona, quais<\/p>\n\t\t<\/div>\n\t\t\n\t\t<a class=\"elementor-post__read-more\" href=\"https:\/\/essentialseguros.com.br\/index.php\/2025\/05\/12\/proteja-sua-obra-entenda-o-seguro-risco-de-engenharia\/\" aria-label=\"Leia mais sobre Proteja sua Obra: Entenda o Seguro Risco de Engenharia\" tabindex=\"-1\" >\n\t\t\tLEIA MAIS \u00bb\t\t<\/a>\n\n\t\t\t\t<\/div>\n\t\t\t\t<\/article>\n\t\t\t\t<article class=\"elementor-post elementor-grid-item post-409 post type-post status-publish format-standard has-post-thumbnail hentry category-seguro-bike\" role=\"listitem\">\n\t\t\t\t<a class=\"elementor-post__thumbnail__link\" href=\"https:\/\/essentialseguros.com.br\/index.php\/2025\/04\/15\/confira-os-7-melhores-seguros-para-a-sua-bike-em-2025\/\" tabindex=\"-1\" >\n\t\t\t<div class=\"elementor-post__thumbnail\"><img decoding=\"async\" width=\"1200\" height=\"627\" src=\"https:\/\/essentialseguros.com.br\/wp-content\/uploads\/2025\/05\/imagens-blog-essential.png\" class=\"attachment-full size-full wp-image-412\" alt=\"\" srcset=\"https:\/\/essentialseguros.com.br\/wp-content\/uploads\/2025\/05\/imagens-blog-essential.png 1200w, https:\/\/essentialseguros.com.br\/wp-content\/uploads\/2025\/05\/imagens-blog-essential-300x157.png 300w, https:\/\/essentialseguros.com.br\/wp-content\/uploads\/2025\/05\/imagens-blog-essential-1024x535.png 1024w, https:\/\/essentialseguros.com.br\/wp-content\/uploads\/2025\/05\/imagens-blog-essential-768x401.png 768w\" sizes=\"(max-width: 1200px) 100vw, 1200px\" \/><\/div>\n\t\t<\/a>\n\t\t\t\t<div class=\"elementor-post__text\">\n\t\t\t\t<h3 class=\"elementor-post__title\">\n\t\t\t<a href=\"https:\/\/essentialseguros.com.br\/index.php\/2025\/04\/15\/confira-os-7-melhores-seguros-para-a-sua-bike-em-2025\/\" >\n\t\t\t\tConfira os 7 melhores seguros para a sua bike em 2025\t\t\t<\/a>\n\t\t<\/h3>\n\t\t\t\t<div class=\"elementor-post__meta-data\">\n\t\t\t\t\t<span class=\"elementor-post-date\">\n\t\t\tabril 15, 2025\t\t<\/span>\n\t\t\t\t<\/div>\n\t\t\t\t<div class=\"elementor-post__excerpt\">\n\t\t\t<p>Quer o melhor seguro para sua bicicleta? Confira nosso guia e descubra como escolher a cobertura ideal para pedalar com tranquilidade! Proteger sua bicicleta \u00e9 essencial, j\u00e1 que ela representa um investimento significativo e est\u00e1 sujeita a riscos diversos. Um seguro para ciclistas garante tranquilidade e seguran\u00e7a, oferecendo cobertura para<\/p>\n\t\t<\/div>\n\t\t\n\t\t<a class=\"elementor-post__read-more\" href=\"https:\/\/essentialseguros.com.br\/index.php\/2025\/04\/15\/confira-os-7-melhores-seguros-para-a-sua-bike-em-2025\/\" aria-label=\"Leia mais sobre Confira os 7 melhores seguros para a sua bike em 2025\" tabindex=\"-1\" >\n\t\t\tLEIA MAIS \u00bb\t\t<\/a>\n\n\t\t\t\t<\/div>\n\t\t\t\t<\/article>\n\t\t\t\t<article class=\"elementor-post elementor-grid-item post-427 post type-post status-publish format-standard has-post-thumbnail hentry category-seguro-empresarial\" role=\"listitem\">\n\t\t\t\t<a class=\"elementor-post__thumbnail__link\" href=\"https:\/\/essentialseguros.com.br\/index.php\/2025\/03\/12\/seguro-do-como-ele-ajuda-a-minimizar-riscos-para-empresas-e-executivos\/\" tabindex=\"-1\" >\n\t\t\t<div class=\"elementor-post__thumbnail\"><img decoding=\"async\" width=\"1200\" height=\"627\" src=\"https:\/\/essentialseguros.com.br\/wp-content\/uploads\/2025\/05\/Blog-4-seguro-empresarial.png\" class=\"attachment-full size-full wp-image-428\" alt=\"\" srcset=\"https:\/\/essentialseguros.com.br\/wp-content\/uploads\/2025\/05\/Blog-4-seguro-empresarial.png 1200w, https:\/\/essentialseguros.com.br\/wp-content\/uploads\/2025\/05\/Blog-4-seguro-empresarial-300x157.png 300w, https:\/\/essentialseguros.com.br\/wp-content\/uploads\/2025\/05\/Blog-4-seguro-empresarial-1024x535.png 1024w, https:\/\/essentialseguros.com.br\/wp-content\/uploads\/2025\/05\/Blog-4-seguro-empresarial-768x401.png 768w\" sizes=\"(max-width: 1200px) 100vw, 1200px\" \/><\/div>\n\t\t<\/a>\n\t\t\t\t<div class=\"elementor-post__text\">\n\t\t\t\t<h3 class=\"elementor-post__title\">\n\t\t\t<a href=\"https:\/\/essentialseguros.com.br\/index.php\/2025\/03\/12\/seguro-do-como-ele-ajuda-a-minimizar-riscos-para-empresas-e-executivos\/\" >\n\t\t\t\tSeguro D&amp;O: como ele ajuda a minimizar riscos para empresas e executivos\t\t\t<\/a>\n\t\t<\/h3>\n\t\t\t\t<div class=\"elementor-post__meta-data\">\n\t\t\t\t\t<span class=\"elementor-post-date\">\n\t\t\tmar\u00e7o 12, 2025\t\t<\/span>\n\t\t\t\t<\/div>\n\t\t\t\t<div class=\"elementor-post__excerpt\">\n\t\t\t<p>A gest\u00e3o empresarial envolve decis\u00f5es estrat\u00e9gicas, lideran\u00e7a e&#8230; riscos. Por isso, proteger n\u00e3o apenas a estrutura da empresa, mas tamb\u00e9m seus administradores, \u00e9 fundamental em um cen\u00e1rio corporativo cada vez mais exigente e judicializado. Neste artigo, voc\u00ea vai entender como o Seguro D&amp;O (Directors and Officers) pode ser um aliado<\/p>\n\t\t<\/div>\n\t\t\n\t\t<a class=\"elementor-post__read-more\" href=\"https:\/\/essentialseguros.com.br\/index.php\/2025\/03\/12\/seguro-do-como-ele-ajuda-a-minimizar-riscos-para-empresas-e-executivos\/\" aria-label=\"Leia mais sobre Seguro D&amp;O: como ele ajuda a minimizar riscos para empresas e executivos\" tabindex=\"-1\" >\n\t\t\tLEIA MAIS \u00bb\t\t<\/a>\n\n\t\t\t\t<\/div>\n\t\t\t\t<\/article>\n\t\t\t\t<article class=\"elementor-post elementor-grid-item post-430 post type-post status-publish format-standard has-post-thumbnail hentry category-seguro-empresarial\" role=\"listitem\">\n\t\t\t\t<a class=\"elementor-post__thumbnail__link\" href=\"https:\/\/essentialseguros.com.br\/index.php\/2025\/02\/03\/seguro-cyber-proteja-sua-empresa-contra-ameacas-digitais\/\" tabindex=\"-1\" >\n\t\t\t<div class=\"elementor-post__thumbnail\"><img loading=\"lazy\" decoding=\"async\" width=\"1200\" height=\"627\" src=\"https:\/\/essentialseguros.com.br\/wp-content\/uploads\/2025\/05\/Blog-4-seguro-cyber.png\" class=\"attachment-full size-full wp-image-431\" alt=\"\" srcset=\"https:\/\/essentialseguros.com.br\/wp-content\/uploads\/2025\/05\/Blog-4-seguro-cyber.png 1200w, https:\/\/essentialseguros.com.br\/wp-content\/uploads\/2025\/05\/Blog-4-seguro-cyber-300x157.png 300w, https:\/\/essentialseguros.com.br\/wp-content\/uploads\/2025\/05\/Blog-4-seguro-cyber-1024x535.png 1024w, https:\/\/essentialseguros.com.br\/wp-content\/uploads\/2025\/05\/Blog-4-seguro-cyber-768x401.png 768w\" sizes=\"(max-width: 1200px) 100vw, 1200px\" \/><\/div>\n\t\t<\/a>\n\t\t\t\t<div class=\"elementor-post__text\">\n\t\t\t\t<h3 class=\"elementor-post__title\">\n\t\t\t<a href=\"https:\/\/essentialseguros.com.br\/index.php\/2025\/02\/03\/seguro-cyber-proteja-sua-empresa-contra-ameacas-digitais\/\" >\n\t\t\t\tSeguro Cyber: Proteja sua empresa contra amea\u00e7as digitais\t\t\t<\/a>\n\t\t<\/h3>\n\t\t\t\t<div class=\"elementor-post__meta-data\">\n\t\t\t\t\t<span class=\"elementor-post-date\">\n\t\t\tfevereiro 3, 2025\t\t<\/span>\n\t\t\t\t<\/div>\n\t\t\t\t<div class=\"elementor-post__excerpt\">\n\t\t\t<p>Neste artigo, vamos abordar um tema cada vez mais estrat\u00e9gico no ambiente corporativo: o seguro cyber. Em um cen\u00e1rio onde a tecnologia est\u00e1 no centro dos processos empresariais, proteger dados e sistemas contra ataques digitais deixou de ser uma op\u00e7\u00e3o \u2014 tornou-se uma necessidade. O seguro cyber surge como uma<\/p>\n\t\t<\/div>\n\t\t\n\t\t<a class=\"elementor-post__read-more\" href=\"https:\/\/essentialseguros.com.br\/index.php\/2025\/02\/03\/seguro-cyber-proteja-sua-empresa-contra-ameacas-digitais\/\" aria-label=\"Leia mais sobre Seguro Cyber: Proteja sua empresa contra amea\u00e7as digitais\" tabindex=\"-1\" >\n\t\t\tLEIA MAIS \u00bb\t\t<\/a>\n\n\t\t\t\t<\/div>\n\t\t\t\t<\/article>\n\t\t\t\t<article class=\"elementor-post elementor-grid-item post-417 post type-post status-publish format-standard has-post-thumbnail hentry category-consorcio\" role=\"listitem\">\n\t\t\t\t<a class=\"elementor-post__thumbnail__link\" href=\"https:\/\/essentialseguros.com.br\/index.php\/2025\/01\/22\/consorcio-de-imovel-vale-a-pena-em-2025\/\" tabindex=\"-1\" >\n\t\t\t<div class=\"elementor-post__thumbnail\"><img loading=\"lazy\" decoding=\"async\" width=\"1200\" height=\"627\" src=\"https:\/\/essentialseguros.com.br\/wp-content\/uploads\/2025\/05\/Blog-3-consorcio.png\" class=\"attachment-full size-full wp-image-418\" alt=\"\" srcset=\"https:\/\/essentialseguros.com.br\/wp-content\/uploads\/2025\/05\/Blog-3-consorcio.png 1200w, https:\/\/essentialseguros.com.br\/wp-content\/uploads\/2025\/05\/Blog-3-consorcio-300x157.png 300w, https:\/\/essentialseguros.com.br\/wp-content\/uploads\/2025\/05\/Blog-3-consorcio-1024x535.png 1024w, https:\/\/essentialseguros.com.br\/wp-content\/uploads\/2025\/05\/Blog-3-consorcio-768x401.png 768w\" sizes=\"(max-width: 1200px) 100vw, 1200px\" \/><\/div>\n\t\t<\/a>\n\t\t\t\t<div class=\"elementor-post__text\">\n\t\t\t\t<h3 class=\"elementor-post__title\">\n\t\t\t<a href=\"https:\/\/essentialseguros.com.br\/index.php\/2025\/01\/22\/consorcio-de-imovel-vale-a-pena-em-2025\/\" >\n\t\t\t\tCons\u00f3rcio de im\u00f3vel vale a pena em 2025?\t\t\t<\/a>\n\t\t<\/h3>\n\t\t\t\t<div class=\"elementor-post__meta-data\">\n\t\t\t\t\t<span class=\"elementor-post-date\">\n\t\t\tjaneiro 22, 2025\t\t<\/span>\n\t\t\t\t<\/div>\n\t\t\t\t<div class=\"elementor-post__excerpt\">\n\t\t\t<p>O cons\u00f3rcio imobili\u00e1rio continua sendo uma alternativa vi\u00e1vel para quem deseja conquistar a casa pr\u00f3pria sem recorrer ao financiamento banc\u00e1rio tradicional. Em 2025, com o cen\u00e1rio econ\u00f4mico ainda inst\u00e1vel e os juros altos, o cons\u00f3rcio se destaca como uma op\u00e7\u00e3o mais acess\u00edvel e planejada. Neste artigo, vamos explicar como ele<\/p>\n\t\t<\/div>\n\t\t\n\t\t<a class=\"elementor-post__read-more\" href=\"https:\/\/essentialseguros.com.br\/index.php\/2025\/01\/22\/consorcio-de-imovel-vale-a-pena-em-2025\/\" aria-label=\"Leia mais sobre Cons\u00f3rcio de im\u00f3vel vale a pena em 2025?\" tabindex=\"-1\" >\n\t\t\tLEIA MAIS \u00bb\t\t<\/a>\n\n\t\t\t\t<\/div>\n\t\t\t\t<\/article>\n\t\t\t\t<\/div>\n\t\t\n\t\t\t\t\t\t<\/div>\n\t\t\t\t<\/div>\n\t\t\t\t<\/div>\n\t\t\t\t\t<\/div>\n\t\t\t\t<\/div>\n\t\t<div class=\"elementor-element elementor-element-ffb07d0 e-flex e-con-boxed wpr-particle-no wpr-jarallax-no wpr-parallax-no wpr-sticky-section-no e-con e-parent\" data-id=\"ffb07d0\" data-element_type=\"container\" data-settings=\"{&quot;background_background&quot;:&quot;classic&quot;}\">\n\t\t\t\t\t<div class=\"e-con-inner\">\n\t\t<div class=\"elementor-element elementor-element-573d8bb e-con-full e-flex wpr-particle-no wpr-jarallax-no wpr-parallax-no wpr-sticky-section-no e-con e-child\" data-id=\"573d8bb\" data-element_type=\"container\">\n\t\t\t\t<div class=\"elementor-element elementor-element-efcc59b elementor-widget__width-initial elementor-widget-mobile__width-initial elementor-widget elementor-widget-heading\" data-id=\"efcc59b\" data-element_type=\"widget\" data-widget_type=\"heading.default\">\n\t\t\t\t<div class=\"elementor-widget-container\">\n\t\t\t\t\t<h2 class=\"elementor-heading-title elementor-size-default\">Assine nossa Newsletter para receber os conte\u00fados<\/h2>\t\t\t\t<\/div>\n\t\t\t\t<\/div>\n\t\t\t\t<\/div>\n\t\t<div class=\"elementor-element elementor-element-815faf0 e-con-full e-flex wpr-particle-no wpr-jarallax-no wpr-parallax-no wpr-sticky-section-no e-con e-child\" data-id=\"815faf0\" data-element_type=\"container\">\n\t\t\t\t<div class=\"elementor-element elementor-element-b3eb294 elementor-button-align-stretch elementor-widget elementor-widget-form\" data-id=\"b3eb294\" data-element_type=\"widget\" data-settings=\"{&quot;step_next_label&quot;:&quot;Pr\\u00f3ximo&quot;,&quot;step_previous_label&quot;:&quot;Anterior&quot;,&quot;button_width&quot;:&quot;100&quot;,&quot;step_type&quot;:&quot;number_text&quot;,&quot;step_icon_shape&quot;:&quot;circle&quot;}\" data-widget_type=\"form.default\">\n\t\t\t\t<div class=\"elementor-widget-container\">\n\t\t\t\t\t\t\t<form class=\"elementor-form\" method=\"post\" name=\"Novo formul\u00e1rio\" aria-label=\"Novo formul\u00e1rio\">\n\t\t\t<input type=\"hidden\" name=\"post_id\" value=\"348\"\/>\n\t\t\t<input type=\"hidden\" name=\"form_id\" value=\"b3eb294\"\/>\n\t\t\t<input type=\"hidden\" name=\"referer_title\" value=\"Blog\" \/>\n\n\t\t\t\t\t\t\t<input type=\"hidden\" name=\"queried_id\" value=\"348\"\/>\n\t\t\t\n\t\t\t<div class=\"elementor-form-fields-wrapper elementor-labels-\">\n\t\t\t\t\t\t\t\t<div class=\"elementor-field-type-text elementor-field-group elementor-column elementor-field-group-name elementor-col-100 elementor-field-required\">\n\t\t\t\t\t\t\t\t\t\t\t\t<label for=\"form-field-name\" class=\"elementor-field-label elementor-screen-only\">\n\t\t\t\t\t\t\t\tNome\t\t\t\t\t\t\t<\/label>\n\t\t\t\t\t\t\t\t\t\t\t\t\t\t<input size=\"1\" type=\"text\" name=\"form_fields[name]\" id=\"form-field-name\" class=\"elementor-field elementor-size-sm  elementor-field-textual\" placeholder=\"Nome\" required=\"required\">\n\t\t\t\t\t\t\t\t\t\t\t<\/div>\n\t\t\t\t\t\t\t\t<div class=\"elementor-field-type-email elementor-field-group elementor-column elementor-field-group-email elementor-col-100 elementor-field-required\">\n\t\t\t\t\t\t\t\t\t\t\t\t<label for=\"form-field-email\" class=\"elementor-field-label elementor-screen-only\">\n\t\t\t\t\t\t\t\tE-mail\t\t\t\t\t\t\t<\/label>\n\t\t\t\t\t\t\t\t\t\t\t\t\t\t<input size=\"1\" type=\"email\" name=\"form_fields[email]\" id=\"form-field-email\" class=\"elementor-field elementor-size-sm  elementor-field-textual\" placeholder=\"E-mail\" required=\"required\">\n\t\t\t\t\t\t\t\t\t\t\t<\/div>\n\t\t\t\t\t\t\t\t<div class=\"elementor-field-group elementor-column elementor-field-type-submit elementor-col-100 e-form__buttons\">\n\t\t\t\t\t<button class=\"elementor-button elementor-size-sm\" type=\"submit\">\n\t\t\t\t\t\t<span class=\"elementor-button-content-wrapper\">\n\t\t\t\t\t\t\t\t\t\t\t\t\t\t\t\t\t\t\t\t\t\t<span class=\"elementor-button-text\">Enviar<\/span>\n\t\t\t\t\t\t\t\t\t\t\t\t\t<\/span>\n\t\t\t\t\t<\/button>\n\t\t\t\t<\/div>\n\t\t\t<\/div>\n\t\t<\/form>\n\t\t\t\t\t\t<\/div>\n\t\t\t\t<\/div>\n\t\t\t\t<\/div>\n\t\t\t\t\t<\/div>\n\t\t\t\t<\/div>\n\t\t\t\t<\/div>\n\t\t","protected":false},"excerpt":{"rendered":"<p>Blog Assine nossa Newsletter para receber os conte\u00fados<\/p>\n","protected":false},"author":1,"featured_media":0,"parent":0,"menu_order":0,"comment_status":"closed","ping_status":"closed","template":"elementor_header_footer","meta":{"footnotes":""},"class_list":["post-348","page","type-page","status-publish","hentry"],"_links":{"self":[{"href":"https:\/\/essentialseguros.com.br\/index.php\/wp-json\/wp\/v2\/pages\/348","targetHints":{"allow":["GET"]}}],"collection":[{"href":"https:\/\/essentialseguros.com.br\/index.php\/wp-json\/wp\/v2\/pages"}],"about":[{"href":"https:\/\/essentialseguros.com.br\/index.php\/wp-json\/wp\/v2\/types\/page"}],"author":[{"embeddable":true,"href":"https:\/\/essentialseguros.com.br\/index.php\/wp-json\/wp\/v2\/users\/1"}],"replies":[{"embeddable":true,"href":"https:\/\/essentialseguros.com.br\/index.php\/wp-json\/wp\/v2\/comments?post=348"}],"version-history":[{"count":16,"href":"https:\/\/essentialseguros.com.br\/index.php\/wp-json\/wp\/v2\/pages\/348\/revisions"}],"predecessor-version":[{"id":478,"href":"https:\/\/essentialseguros.com.br\/index.php\/wp-json\/wp\/v2\/pages\/348\/revisions\/478"}],"wp:attachment":[{"href":"https:\/\/essentialseguros.com.br\/index.php\/wp-json\/wp\/v2\/media?parent=348"}],"curies":[{"name":"wp","href":"https:\/\/api.w.org\/{rel}","templated":true}]}}